{"id":8422,"date":"2019-12-04T15:11:47","date_gmt":"2019-12-04T14:11:47","guid":{"rendered":"https:\/\/www.munkert.de\/staging_munkert\/impressum-2\/"},"modified":"2021-06-04T11:50:24","modified_gmt":"2021-06-04T09:50:24","slug":"imprint","status":"publish","type":"page","link":"https:\/\/www.munkert.de\/en\/imprint\/","title":{"rendered":"Imprint"},"content":{"rendered":"\n<div class=\"wp-block-group container\"><div class=\"wp-block-group__inner-container is-layout-flow wp-block-group-is-layout-flow\">\n\n\n<h2 class=\"wp-block-heading\"><\/h2>\n\n\n\n<p><br><strong>MUNKERT &amp; PARTNER <br>Steuerberater Wirtschaftspr\u00fcfer Rechtsanw\u00e4lte<\/strong> <strong>mbB<\/strong><br>\u00c4u\u00dfere Sulzbacher Strasse 29<br>90491 Nuremberg<br>Telephone: + 49 (0) 911 &#8211; 59 87 01<br>Fax: + 49 (0) 911 &#8211; 59 87 400<br>Email:<a href=\"mailto:info@munkert.de\">&nbsp;info@munkert.de<\/a><\/p>\n\n\n\n<p><br><strong><br><strong>Responsible for content:<\/strong><\/strong><\/p>\n\n\n\n<p><strong>MUNKERT &amp; PARTNER<br><strong>Steuerberater<\/strong><\/strong> <strong>Wirtschaftspr\u00fcfer Rechtsanw\u00e4lte<\/strong> <strong>mbB<\/strong><br>\u00c4u\u00dfere Sulzbacher Strasse 29<br>90491 Nuremberg<\/p>\n\n\n\n<p><br><strong><strong>Concept and design<\/strong>:<\/strong><\/p>\n\n\n\n<p><strong>MUNKERT &amp; PARTNER <br><strong>Steuerberater<\/strong><\/strong> <strong><strong>Wirtschaftspr\u00fcfer<\/strong><\/strong> <strong>Rechtsanw\u00e4lte<\/strong> <strong>mbB<\/strong><br>\u00c4u\u00dfere Sulzbacher Strasse 29<br>90491 Nuremberg<\/p>\n\n\n\n<p><br><strong>Text:<\/strong><\/p>\n\n\n\n<p><strong>MUNKERT &amp; PARTNER <br><strong>Steuerberater<\/strong><\/strong> <strong>Wirtschaftspr\u00fcfer Rechtsanw\u00e4lte<\/strong> <strong>mbB<\/strong><br>\u00c4u\u00dfere Sulzbacher Strasse 29<br>90491 Nuremberg<\/p>\n\n\n\n<p><br><strong>Layout:<\/strong><\/p>\n\n\n\n<p><strong>BESONDERS SEIN Werbeagentur GmbH<\/strong><br>Andernacher Strasse 53<br>90411 Nuremberg<br><a rel=\"noreferrer noopener\" href=\"http:\/\/www.besonders-sein.de\" target=\"_blank\">www.besonders-sein.de<\/a><\/p>\n\n\n\n<p><\/p>\n\n\n\n<p><br><strong>T<strong>echnical realisation<\/strong>:<\/strong><\/p>\n\n\n\n<p><strong>BESONDERS SEIN Werbeagentur GmbH<\/strong><br>Andernacher Strasse 53<br>90411 Nuremberg<br><a rel=\"noreferrer noopener\" href=\"http:\/\/www.besonders-sein.de\" target=\"_blank\">www.besonders-sein.de<\/a><\/p>\n\n\n\n<p><\/p>\n\n\n\n<p><br><strong>INFORMATION UNDER SECTION 5 OF THE GERMAN TELEMEDIA ACT (TMG):<\/strong><\/p>\n\n\n\n<p><br><strong><strong>Provider<\/strong>:<\/strong><\/p>\n\n\n\n<p><strong>MUNKERT &amp; PARTNER <br>Steuerberater <strong>Wirtschaftspr\u00fcfer<\/strong><\/strong> <strong>Rechtsanw\u00e4lte<\/strong> <strong>mbB<\/strong><br>\u00c4u\u00dfere Sulzbacher Strasse 29<br>90491 Nuremberg<br>Telephone: +49 911 59 87 &#8211; 01<br>Fax: +49 911 59 87 &#8211; 400<br>Email:&nbsp;<a href=\"mailto:info@munkert.de\">info@munkert.de<\/a><br><br>Execution of our assignments is governed by the General Engagement Terms for Public Auditors and Public Audit Firms (Allgemeine Gesch\u00e4ftsbedingungen f\u00fcr Wirtschaftspr\u00fcfer und Wirtschaftspr\u00fcfungsgesellschaften) as amended (latest version dated 1 January 2017). The place of jurisdiction is \u2013 where permitted \u2013 Nuremberg. German law applies.<\/p>\n\n\n\n<p><br><strong><strong>Represented by<\/strong>:<\/strong><\/p>\n\n\n\n<p>Dr Michael Munkert, MSc, LL.M. (tax consultant)<br>Elfriede Dorn (tax consultant, sworn auditor)<br>Susanne Munkert-Riedrich (lawyer)<br>Dr Thomas Geiger (tax consultant, auditor)<br>J\u00fcrgen Grosskopf-Dibs (lawyer, tax consultant)<br>Sabine Hirschmann-Menke (tax consultant, specialist consultant for international tax law)<\/p>\n\n\n\n<p><br><strong><strong>Company headquarters<\/strong>:<\/strong><br>Nuremberg<strong><br><\/strong><br><strong><strong><strong>VAT ID<\/strong><\/strong>:<\/strong><br>DE 133 261 603<\/p>\n\n\n\n<p><strong><strong>Register number<\/strong><\/strong><br>Nuremberg District Court, PR 330<\/p>\n\n\n\n<p><br><strong><strong>Responsible chambers and supervisory authorities<\/strong><\/strong><\/p>\n\n\n\n<p>The auditors, tax consultants and lawyers (as per the professional titles used in the Federal Republic of Germany) employed at MUNKERT &amp; PARTNER Steuerberater Wirtschaftspr\u00fcfer Rechtsanw\u00e4lte mbB are subject to the respective rules applicable to the profession and, insofar as they bear the professional titles of \u2018auditor\u2019 (\u2018<em>Wirtschaftspr\u00fcfer<\/em>\u2019), \u2018tax consultant\u2019 (\u2018<em>Steuerberater<\/em>\u2019) or \u2018lawyer\u2019 (\u2018<em>Rechtsanwalt<\/em>\u2019), are registered with the respective following chambers of public accountants, which are the supervisory authorities having jurisdiction over them:<\/p>\n\n\n\n<p><br><strong><strong>Chamber of Public Accountants<\/strong><\/strong><br>Rauchstrasse 26<br>10787 Berlin<br>Tel.: + 49 (0) 30 \/ 72 61 61 &#8211; 0<br>Fax: + 49 (0) 30 \/ 72 61 61 &#8211; 212<br>Email:&nbsp;<a href=\"mailto:kontakt@wpk.de\">kontakt@wpk.de<\/a><br>www:&nbsp;<a rel=\"noreferrer noopener\" href=\"http:\/\/www.wpk.de\/\" target=\"_blank\">http:\/\/www.wpk.de<\/a><\/p>\n\n\n\n<p><br><strong><strong>Nuremberg Chamber of Tax Consultants<\/strong><\/strong><br>D\u00fcrrenhofstrasse 4<br>90402 Nuremberg<br>Tel.: + 49 (0) 911 \/ 94 62 6 &#8211; 0<br>Fax: + 49 (0) 911 \/ 49 33 98<br>Email:<a rel=\"noreferrer noopener\" href=\"mailto:info@stbk-nuernberg.de\" target=\"_blank\">&nbsp;info@stbk-nuernberg.de<\/a><br>www:&nbsp;<a rel=\"noreferrer noopener\" href=\"http:\/\/www.stbk-nuernberg.de\/\" target=\"_blank\">http:\/\/www.stbk-nuernberg.de<br><\/a><br><br><strong><strong><strong>Nuremberg Bar Association<\/strong><\/strong><\/strong><br>F\u00fcrther Strasse 115<br>90429 Nuremberg<br>Tel.: + 49 (0) 911 \/ 9 26 33 &#8211; 0<br>Fax: + 49 (0) 911 \/ 9 26 33 &#8211; 33<br>Email:&nbsp;<a href=\"mailto:info@rak-nbg.de\">info@rak-nbg.de<\/a><br>www:&nbsp;<a rel=\"noreferrer noopener\" href=\"http:\/\/www.rak-nbg.de\/\" target=\"_blank\">http:\/\/www.rak-nbg.de<br><\/a><\/p>\n\n\n\n<p><br><strong><strong>Professional liability insurance<\/strong><\/strong><\/p>\n\n\n\n<p>VSW \u2013 die Versicherergemeinschaft f\u00fcr Steuerberater und Wirtschaftspr\u00fcfer<br>Dotzheimer Strasse 23<br>65185 Wiesbaden<\/p>\n\n\n\n<p>Covering Europe<\/p>\n\n\n\n<p>VSW \u2013 Die Versicherergemeinschaft f\u00fcr Steuerberater und Wirtschaftspr\u00fcfer (VSW) is an association run by Allianz Versicherungs-AG (42%), AXA Versicherung AG (43%) and ERGO Versicherung AG (24%). Further details are available at&nbsp;<a href=\"https:\/\/www.v-s-w.de\/\" target=\"_blank\" rel=\"noreferrer noopener\">www.v-s-w.de<\/a>.<\/p>\n\n\n\n<p><strong><strong>EU Commission\u2019s Online Dispute Resolution platform<\/strong><\/strong>:<br><a rel=\"noreferrer noopener\" href=\"https:\/\/ec.europa.eu\/consumers\/odr\" target=\"_blank\">https:\/\/ec.europa.eu\/consumers\/odr<\/a><br><br><br>MUNKERT &amp; PARTNER Steuerberater Wirtschaftspr\u00fcfer Rechtsanw\u00e4lte mbB is neither obliged nor willing to participate in dispute-resolution proceedings before a consumer arbitration board.<\/p>\n\n\n\n<p><br><strong><strong>Conditions of use, liability, copyright, linking<\/strong><br><\/strong>The following party is responsible for \u2018www.munkert.de\u2019:<\/p>\n\n\n\n<p><strong>MUNKERT &amp; PARTNER <br><strong>Steuerberater<\/strong><\/strong> <strong>Wirtschaftspr\u00fcfer Rechtsanw\u00e4lte<\/strong> <strong>mbB<\/strong><br>\u00c4u\u00dfere Sulzbacher Strasse 29<br>90491 Nuremberg<br>Tel: +49 911 5987-01<br>Fax: +49 911 5987-400<br>Email:<a rel=\"noreferrer noopener\" href=\"mailto:info@munkert.de\" target=\"_blank\">info@munkert.de<\/a><\/p>\n\n\n\n<figure class=\"wp-block-image size-large\"><img loading=\"lazy\" decoding=\"async\" width=\"1024\" height=\"166\" src=\"https:\/\/munkert.de\/wp-content\/uploads\/Wei\u00dfraum-1024x166.jpg\" alt=\"\" class=\"wp-image-3246\" srcset=\"https:\/\/www.munkert.de\/wp-content\/uploads\/Wei\u00dfraum-1024x166.jpg 1024w, https:\/\/www.munkert.de\/wp-content\/uploads\/Wei\u00dfraum-300x49.jpg 300w, https:\/\/www.munkert.de\/wp-content\/uploads\/Wei\u00dfraum-768x125.jpg 768w, https:\/\/www.munkert.de\/wp-content\/uploads\/Wei\u00dfraum.jpg 1146w\" sizes=\"auto, (max-width: 1024px) 100vw, 1024px\" \/><\/figure>\n\n\n\n<p><\/p>\n<\/div><\/div>\n\n\n\n\n\n<p><\/p>\n","protected":false},"excerpt":{"rendered":"<b>Imprint<\/b>","protected":false},"author":1,"featured_media":7947,"parent":0,"menu_order":0,"comment_status":"closed","ping_status":"closed","template":"","meta":{"_acf_changed":false,"footnotes":""},"class_list":["post-8422","page","type-page","status-publish","has-post-thumbnail","hentry"],"acf":[],"yoast_head":"<!-- This site is optimized with the Yoast SEO plugin v26.8 - https:\/\/yoast.com\/product\/yoast-seo-wordpress\/ -->\n<title>Imprint | MUNKERT &amp; PARTNER<\/title>\n<meta name=\"description\" content=\"Here you will find all relevant informations around MUNKERT &amp; PARTNER.\" \/>\n<meta name=\"robots\" content=\"index, follow, max-snippet:-1, max-image-preview:large, max-video-preview:-1\" \/>\n<link rel=\"canonical\" href=\"https:\/\/www.munkert.de\/en\/imprint\/\" \/>\n<meta property=\"og:locale\" content=\"en_US\" \/>\n<meta property=\"og:type\" content=\"article\" \/>\n<meta property=\"og:title\" content=\"Imprint | MUNKERT &amp; PARTNER\" \/>\n<meta property=\"og:description\" content=\"Here you will find all relevant informations around MUNKERT &amp; PARTNER.\" \/>\n<meta property=\"og:url\" content=\"https:\/\/www.munkert.de\/en\/imprint\/\" \/>\n<meta property=\"og:site_name\" content=\"MUNKERT &amp; PARTNER- Steuerberater Wirtschaftspr\u00fcfer Rechtsanw\u00e4lte\" \/>\n<meta property=\"article:modified_time\" content=\"2021-06-04T09:50:24+00:00\" \/>\n<meta property=\"og:image\" content=\"https:\/\/www.munkert.de\/wp-content\/uploads\/Munkert_Shooting_Details-29_komp.jpg\" \/>\n\t<meta property=\"og:image:width\" content=\"2500\" \/>\n\t<meta property=\"og:image:height\" content=\"1667\" \/>\n\t<meta property=\"og:image:type\" content=\"image\/jpeg\" \/>\n<meta name=\"twitter:card\" content=\"summary_large_image\" \/>\n<meta name=\"twitter:label1\" content=\"Est. reading time\" \/>\n\t<meta name=\"twitter:data1\" content=\"3 minutes\" \/>\n<script type=\"application\/ld+json\" class=\"yoast-schema-graph\">{\"@context\":\"https:\/\/schema.org\",\"@graph\":[{\"@type\":\"WebPage\",\"@id\":\"https:\/\/www.munkert.de\/en\/imprint\/\",\"url\":\"https:\/\/www.munkert.de\/en\/imprint\/\",\"name\":\"Imprint | MUNKERT & PARTNER\",\"isPartOf\":{\"@id\":\"https:\/\/www.munkert.de\/en\/#website\"},\"primaryImageOfPage\":{\"@id\":\"https:\/\/www.munkert.de\/en\/imprint\/#primaryimage\"},\"image\":{\"@id\":\"https:\/\/www.munkert.de\/en\/imprint\/#primaryimage\"},\"thumbnailUrl\":\"https:\/\/www.munkert.de\/wp-content\/uploads\/Munkert_Shooting_Details-29_komp.jpg\",\"datePublished\":\"2019-12-04T14:11:47+00:00\",\"dateModified\":\"2021-06-04T09:50:24+00:00\",\"description\":\"Here you will find all relevant informations around MUNKERT & PARTNER.\",\"breadcrumb\":{\"@id\":\"https:\/\/www.munkert.de\/en\/imprint\/#breadcrumb\"},\"inLanguage\":\"en-US\",\"potentialAction\":[{\"@type\":\"ReadAction\",\"target\":[\"https:\/\/www.munkert.de\/en\/imprint\/\"]}]},{\"@type\":\"ImageObject\",\"inLanguage\":\"en-US\",\"@id\":\"https:\/\/www.munkert.de\/en\/imprint\/#primaryimage\",\"url\":\"https:\/\/www.munkert.de\/wp-content\/uploads\/Munkert_Shooting_Details-29_komp.jpg\",\"contentUrl\":\"https:\/\/www.munkert.de\/wp-content\/uploads\/Munkert_Shooting_Details-29_komp.jpg\",\"width\":2500,\"height\":1667},{\"@type\":\"BreadcrumbList\",\"@id\":\"https:\/\/www.munkert.de\/en\/imprint\/#breadcrumb\",\"itemListElement\":[{\"@type\":\"ListItem\",\"position\":1,\"name\":\"Home\",\"item\":\"https:\/\/www.munkert.de\/en\/\"},{\"@type\":\"ListItem\",\"position\":2,\"name\":\"Imprint\"}]},{\"@type\":\"WebSite\",\"@id\":\"https:\/\/www.munkert.de\/en\/#website\",\"url\":\"https:\/\/www.munkert.de\/en\/\",\"name\":\"MUNKERT &amp; PARTNER- Steuerberater Wirtschaftspr\u00fcfer Rechtsanw\u00e4lte\",\"description\":\"\",\"publisher\":{\"@id\":\"https:\/\/www.munkert.de\/en\/#organization\"},\"potentialAction\":[{\"@type\":\"SearchAction\",\"target\":{\"@type\":\"EntryPoint\",\"urlTemplate\":\"https:\/\/www.munkert.de\/en\/?s={search_term_string}\"},\"query-input\":{\"@type\":\"PropertyValueSpecification\",\"valueRequired\":true,\"valueName\":\"search_term_string\"}}],\"inLanguage\":\"en-US\"},{\"@type\":\"Organization\",\"@id\":\"https:\/\/www.munkert.de\/en\/#organization\",\"name\":\"MUNKERT & PARTNER GbR Steuerberater Wirtschaftspr\u00fcfer Rechtsanw\u00e4lte\",\"url\":\"https:\/\/www.munkert.de\/en\/\",\"logo\":{\"@type\":\"ImageObject\",\"inLanguage\":\"en-US\",\"@id\":\"https:\/\/www.munkert.de\/en\/#\/schema\/logo\/image\/\",\"url\":\"https:\/\/www.munkert.de\/wp-content\/uploads\/logo.png\",\"contentUrl\":\"https:\/\/www.munkert.de\/wp-content\/uploads\/logo.png\",\"width\":320,\"height\":122,\"caption\":\"MUNKERT & PARTNER GbR Steuerberater Wirtschaftspr\u00fcfer Rechtsanw\u00e4lte\"},\"image\":{\"@id\":\"https:\/\/www.munkert.de\/en\/#\/schema\/logo\/image\/\"}}]}<\/script>\n<!-- \/ Yoast SEO plugin. -->","yoast_head_json":{"title":"Imprint | MUNKERT & PARTNER","description":"Here you will find all relevant informations around MUNKERT & PARTNER.","robots":{"index":"index","follow":"follow","max-snippet":"max-snippet:-1","max-image-preview":"max-image-preview:large","max-video-preview":"max-video-preview:-1"},"canonical":"https:\/\/www.munkert.de\/en\/imprint\/","og_locale":"en_US","og_type":"article","og_title":"Imprint | MUNKERT & PARTNER","og_description":"Here you will find all relevant informations around MUNKERT & PARTNER.","og_url":"https:\/\/www.munkert.de\/en\/imprint\/","og_site_name":"MUNKERT &amp; PARTNER- Steuerberater Wirtschaftspr\u00fcfer Rechtsanw\u00e4lte","article_modified_time":"2021-06-04T09:50:24+00:00","og_image":[{"width":2500,"height":1667,"url":"https:\/\/www.munkert.de\/wp-content\/uploads\/Munkert_Shooting_Details-29_komp.jpg","type":"image\/jpeg"}],"twitter_card":"summary_large_image","twitter_misc":{"Est. reading time":"3 minutes"},"schema":{"@context":"https:\/\/schema.org","@graph":[{"@type":"WebPage","@id":"https:\/\/www.munkert.de\/en\/imprint\/","url":"https:\/\/www.munkert.de\/en\/imprint\/","name":"Imprint | MUNKERT & PARTNER","isPartOf":{"@id":"https:\/\/www.munkert.de\/en\/#website"},"primaryImageOfPage":{"@id":"https:\/\/www.munkert.de\/en\/imprint\/#primaryimage"},"image":{"@id":"https:\/\/www.munkert.de\/en\/imprint\/#primaryimage"},"thumbnailUrl":"https:\/\/www.munkert.de\/wp-content\/uploads\/Munkert_Shooting_Details-29_komp.jpg","datePublished":"2019-12-04T14:11:47+00:00","dateModified":"2021-06-04T09:50:24+00:00","description":"Here you will find all relevant informations around MUNKERT & PARTNER.","breadcrumb":{"@id":"https:\/\/www.munkert.de\/en\/imprint\/#breadcrumb"},"inLanguage":"en-US","potentialAction":[{"@type":"ReadAction","target":["https:\/\/www.munkert.de\/en\/imprint\/"]}]},{"@type":"ImageObject","inLanguage":"en-US","@id":"https:\/\/www.munkert.de\/en\/imprint\/#primaryimage","url":"https:\/\/www.munkert.de\/wp-content\/uploads\/Munkert_Shooting_Details-29_komp.jpg","contentUrl":"https:\/\/www.munkert.de\/wp-content\/uploads\/Munkert_Shooting_Details-29_komp.jpg","width":2500,"height":1667},{"@type":"BreadcrumbList","@id":"https:\/\/www.munkert.de\/en\/imprint\/#breadcrumb","itemListElement":[{"@type":"ListItem","position":1,"name":"Home","item":"https:\/\/www.munkert.de\/en\/"},{"@type":"ListItem","position":2,"name":"Imprint"}]},{"@type":"WebSite","@id":"https:\/\/www.munkert.de\/en\/#website","url":"https:\/\/www.munkert.de\/en\/","name":"MUNKERT &amp; PARTNER- Steuerberater Wirtschaftspr\u00fcfer Rechtsanw\u00e4lte","description":"","publisher":{"@id":"https:\/\/www.munkert.de\/en\/#organization"},"potentialAction":[{"@type":"SearchAction","target":{"@type":"EntryPoint","urlTemplate":"https:\/\/www.munkert.de\/en\/?s={search_term_string}"},"query-input":{"@type":"PropertyValueSpecification","valueRequired":true,"valueName":"search_term_string"}}],"inLanguage":"en-US"},{"@type":"Organization","@id":"https:\/\/www.munkert.de\/en\/#organization","name":"MUNKERT & PARTNER GbR Steuerberater Wirtschaftspr\u00fcfer Rechtsanw\u00e4lte","url":"https:\/\/www.munkert.de\/en\/","logo":{"@type":"ImageObject","inLanguage":"en-US","@id":"https:\/\/www.munkert.de\/en\/#\/schema\/logo\/image\/","url":"https:\/\/www.munkert.de\/wp-content\/uploads\/logo.png","contentUrl":"https:\/\/www.munkert.de\/wp-content\/uploads\/logo.png","width":320,"height":122,"caption":"MUNKERT & PARTNER GbR Steuerberater Wirtschaftspr\u00fcfer Rechtsanw\u00e4lte"},"image":{"@id":"https:\/\/www.munkert.de\/en\/#\/schema\/logo\/image\/"}}]}},"_links":{"self":[{"href":"https:\/\/www.munkert.de\/en\/wp-json\/wp\/v2\/pages\/8422","targetHints":{"allow":["GET"]}}],"collection":[{"href":"https:\/\/www.munkert.de\/en\/wp-json\/wp\/v2\/pages"}],"about":[{"href":"https:\/\/www.munkert.de\/en\/wp-json\/wp\/v2\/types\/page"}],"author":[{"embeddable":true,"href":"https:\/\/www.munkert.de\/en\/wp-json\/wp\/v2\/users\/1"}],"replies":[{"embeddable":true,"href":"https:\/\/www.munkert.de\/en\/wp-json\/wp\/v2\/comments?post=8422"}],"version-history":[{"count":5,"href":"https:\/\/www.munkert.de\/en\/wp-json\/wp\/v2\/pages\/8422\/revisions"}],"predecessor-version":[{"id":8595,"href":"https:\/\/www.munkert.de\/en\/wp-json\/wp\/v2\/pages\/8422\/revisions\/8595"}],"wp:featuredmedia":[{"embeddable":true,"href":"https:\/\/www.munkert.de\/en\/wp-json\/wp\/v2\/media\/7947"}],"wp:attachment":[{"href":"https:\/\/www.munkert.de\/en\/wp-json\/wp\/v2\/media?parent=8422"}],"curies":[{"name":"wp","href":"https:\/\/api.w.org\/{rel}","templated":true}]}}